{"id":468,"date":"2025-05-03T15:56:05","date_gmt":"2025-05-03T15:56:05","guid":{"rendered":"https:\/\/www.correascenter.com\/?page_id=468"},"modified":"2025-05-03T15:56:05","modified_gmt":"2025-05-03T15:56:05","slug":"cadenas","status":"publish","type":"page","link":"https:\/\/www.correascenter.com\/index.php\/cadenas\/","title":{"rendered":"Cadenas"},"content":{"rendered":"<p>[et_pb_section fb_built=&#8221;1&#8243; custom_padding_last_edited=&#8221;on|phone&#8221; _builder_version=&#8221;4.27.4&#8243; _module_preset=&#8221;default&#8221; use_background_color_gradient=&#8221;on&#8221; background_color_gradient_stops=&#8221;rgba(255,255,255,0) 60%|#ffffff 100%&#8221; background_color_gradient_overlays_image=&#8221;on&#8221; background_image=&#8221;https:\/\/www.correascenter.com\/wp-content\/uploads\/2025\/03\/car-repair-3-steering-wheel-1.webp&#8221; background_size=&#8221;initial&#8221; background_position=&#8221;top_left&#8221; background_horizontal_offset=&#8221;-37%&#8221; custom_margin=&#8221;0px||0px||false|false&#8221; custom_padding=&#8221;0px||120px||false|false&#8221; custom_padding_tablet=&#8221;120px||120px||false|false&#8221; custom_padding_phone=&#8221;90px||90px||false|false&#8221; global_colors_info=&#8221;{}&#8221; theme_builder_area=&#8221;post_content&#8221;][et_pb_row column_structure=&#8221;2_5,3_5&#8243; use_custom_gutter=&#8221;on&#8221; gutter_width=&#8221;1&#8243; _builder_version=&#8221;4.17.6&#8243; _module_preset=&#8221;default&#8221; width=&#8221;90%&#8221; max_width=&#8221;1290px&#8221; custom_margin=&#8221;0px|auto|-5px|auto|false|false&#8221; custom_margin_tablet=&#8221;0px||80px||false|false&#8221; custom_margin_phone=&#8221;0px||80px||false|false&#8221; custom_margin_last_edited=&#8221;on|tablet&#8221; custom_padding=&#8221;0px||0px||false|false&#8221; global_colors_info=&#8221;{}&#8221; theme_builder_area=&#8221;post_content&#8221;][et_pb_column type=&#8221;2_5&#8243; _builder_version=&#8221;4.17.6&#8243; _module_preset=&#8221;default&#8221; global_colors_info=&#8221;{}&#8221; theme_builder_area=&#8221;post_content&#8221;][et_pb_text _builder_version=&#8221;4.27.4&#8243; _module_preset=&#8221;default&#8221; header_3_font=&#8221;Oswald||||||||&#8221; header_3_text_align=&#8221;left&#8221; header_3_text_color=&#8221;#cb1e14&#8243; header_3_font_size=&#8221;14px&#8221; header_3_letter_spacing=&#8221;2.7px&#8221; custom_margin=&#8221;0px||13px||false|false&#8221; custom_margin_tablet=&#8221;0px||13px||false|false&#8221; custom_margin_phone=&#8221;0px||5px||false|false&#8221; custom_margin_last_edited=&#8221;on|phone&#8221; custom_padding=&#8221;0px||0px||false|false&#8221; header_3_text_align_tablet=&#8221;center&#8221; header_3_text_align_phone=&#8221;center&#8221; header_3_text_align_last_edited=&#8221;on|tablet&#8221; global_colors_info=&#8221;{}&#8221; theme_builder_area=&#8221;post_content&#8221;]<\/p>\n<h3>.<\/h3>\n<p>[\/et_pb_text][et_pb_text _builder_version=&#8221;4.27.4&#8243; _module_preset=&#8221;default&#8221; header_2_font=&#8221;Oswald|600|||||||&#8221; header_2_text_align=&#8221;left&#8221; header_2_text_color=&#8221;#161616&#8243; header_2_font_size=&#8221;47px&#8221; custom_margin=&#8221;0px|-80px|38px||false|false&#8221; custom_margin_tablet=&#8221;0px|0px|0px||false|false&#8221; custom_margin_phone=&#8221;0px|0px|0px||false|false&#8221; custom_margin_last_edited=&#8221;on|tablet&#8221; custom_padding=&#8221;0px||0px||false|false&#8221; hover_enabled=&#8221;0&#8243; header_2_text_align_tablet=&#8221;center&#8221; header_2_text_align_phone=&#8221;center&#8221; header_2_text_align_last_edited=&#8221;on|tablet&#8221; header_2_font_size_tablet=&#8221;45px&#8221; header_2_font_size_phone=&#8221;30px&#8221; header_2_font_size_last_edited=&#8221;on|phone&#8221; global_colors_info=&#8221;{}&#8221; theme_builder_area=&#8221;post_content&#8221; sticky_enabled=&#8221;0&#8243;]<\/p>\n<h2>Cadenas<\/h2>\n<p>[\/et_pb_text][et_pb_image src=&#8221;https:\/\/www.correascenter.com\/wp-content\/uploads\/2025\/05\/prod_cadenas.webp&#8221; _builder_version=&#8221;4.27.4&#8243; _module_preset=&#8221;default&#8221; theme_builder_area=&#8221;post_content&#8221; title_text=&#8221;prod_cadenas&#8221; hover_enabled=&#8221;0&#8243; sticky_enabled=&#8221;0&#8243;][\/et_pb_image][\/et_pb_column][et_pb_column type=&#8221;3_5&#8243; _builder_version=&#8221;4.17.6&#8243; _module_preset=&#8221;default&#8221; global_colors_info=&#8221;{}&#8221; theme_builder_area=&#8221;post_content&#8221;][et_pb_text _builder_version=&#8221;4.27.4&#8243; _module_preset=&#8221;default&#8221; text_font=&#8221;Roboto Condensed||||||||&#8221; text_text_color=&#8221;#535353&#8243; text_font_size=&#8221;18px&#8221; text_line_height=&#8221;1.6em&#8221; custom_margin=&#8221;35px||0px|36px|false|false&#8221; custom_margin_tablet=&#8221;35px||0px|0px|false|false&#8221; custom_margin_phone=&#8221;35px||0px|0px|false|false&#8221; custom_margin_last_edited=&#8221;on|tablet&#8221; custom_padding=&#8221;0px||0px||false|false&#8221; hover_enabled=&#8221;0&#8243; text_orientation_tablet=&#8221;center&#8221; text_orientation_phone=&#8221;center&#8221; text_orientation_last_edited=&#8221;on|tablet&#8221; global_colors_info=&#8221;{}&#8221; theme_builder_area=&#8221;post_content&#8221; sticky_enabled=&#8221;0&#8243;]<\/p>\n<p data-start=\"134\" data-end=\"187\">\u00bfNecesitas una cadena de rodillos confiable para tu maquinaria?<\/p>\n<p data-start=\"134\" data-end=\"187\">En <strong>Correas Center Ltda.<\/strong> encontrar\u00e1s la que necesitas. Las cadenas de rodillos son esenciales para transmitir fuerza y movimiento en sistemas industriales y agr\u00edcolas.<\/p>\n<p data-start=\"134\" data-end=\"187\">Su dise\u00f1o garantiza una transmisi\u00f3n eficiente de potencia a distintas velocidades, sin p\u00e9rdidas por deslizamiento.<\/p>\n<p>[\/et_pb_text][et_pb_image src=&#8221;https:\/\/www.correascenter.com\/wp-content\/uploads\/2025\/05\/cad1.jpg&#8221; title_text=&#8221;cad1&#8243; _builder_version=&#8221;4.27.4&#8243; _module_preset=&#8221;default&#8221; min_height=&#8221;357.1px&#8221; hover_enabled=&#8221;0&#8243; global_colors_info=&#8221;{}&#8221; theme_builder_area=&#8221;post_content&#8221; sticky_enabled=&#8221;0&#8243;][\/et_pb_image][\/et_pb_column][\/et_pb_row][\/et_pb_section][et_pb_section fb_built=&#8221;1&#8243; custom_padding_last_edited=&#8221;on|phone&#8221; _builder_version=&#8221;4.17.6&#8243; _module_preset=&#8221;default&#8221; background_color=&#8221;#1d1d1d&#8221; custom_margin=&#8221;0px||0px||false|false&#8221; custom_padding=&#8221;105px||0px||false|false&#8221; custom_padding_tablet=&#8221;&#8221; custom_padding_phone=&#8221;90px||0px||false|false&#8221; global_colors_info=&#8221;{}&#8221; theme_builder_area=&#8221;post_content&#8221;][et_pb_row _builder_version=&#8221;4.17.6&#8243; _module_preset=&#8221;default&#8221; width=&#8221;90%&#8221; max_width=&#8221;1290px&#8221; custom_margin=&#8221;0px||53px||false|false&#8221; custom_margin_tablet=&#8221;&#8221; custom_margin_phone=&#8221;0px||70px||false|false&#8221; custom_margin_last_edited=&#8221;on|phone&#8221; custom_padding=&#8221;0px||0px||false|false&#8221; global_colors_info=&#8221;{}&#8221; theme_builder_area=&#8221;post_content&#8221;][et_pb_column type=&#8221;4_4&#8243; _builder_version=&#8221;4.17.3&#8243; _module_preset=&#8221;default&#8221; global_colors_info=&#8221;{}&#8221; theme_builder_area=&#8221;post_content&#8221;][et_pb_text _builder_version=&#8221;4.17.6&#8243; _module_preset=&#8221;default&#8221; header_2_font=&#8221;Oswald|700||on|||||&#8221; header_2_text_align=&#8221;left&#8221; header_2_text_color=&#8221;#f9f9f9&#8243; header_2_font_size=&#8221;47px&#8221; header_2_line_height=&#8221;1.3em&#8221; max_width=&#8221;630px&#8221; module_alignment=&#8221;left&#8221; custom_margin=&#8221;0px||0px||false|false&#8221; custom_margin_tablet=&#8221;0px|0px|0px||false|false&#8221; custom_margin_phone=&#8221;0px|0px|0px||false|false&#8221; custom_margin_last_edited=&#8221;on|tablet&#8221; custom_padding=&#8221;0px||0px||false|false&#8221; header_2_text_align_tablet=&#8221;left&#8221; header_2_text_align_phone=&#8221;left&#8221; header_2_text_align_last_edited=&#8221;on|tablet&#8221; header_2_font_size_tablet=&#8221;45px&#8221; header_2_font_size_phone=&#8221;30px&#8221; header_2_font_size_last_edited=&#8221;on|phone&#8221; global_colors_info=&#8221;{}&#8221; theme_builder_area=&#8221;post_content&#8221;]<\/p>\n<h2>contactos<\/h2>\n<p>[\/et_pb_text][\/et_pb_column][\/et_pb_row][et_pb_row column_structure=&#8221;1_2,1_4,1_4&#8243; use_custom_gutter=&#8221;on&#8221; gutter_width=&#8221;1&#8243; custom_padding_last_edited=&#8221;on|phone&#8221; _builder_version=&#8221;4.17.6&#8243; _module_preset=&#8221;default&#8221; width=&#8221;90%&#8221; max_width=&#8221;1290px&#8221; custom_margin=&#8221;0px||0px||false|false&#8221; custom_padding=&#8221;0px||95px||false|false&#8221; custom_padding_tablet=&#8221;0px||95px||false|false&#8221; custom_padding_phone=&#8221;0px||90px||false|false&#8221; border_color_all=&#8221;#323641&#8243; border_width_bottom=&#8221;1px&#8221; border_color_bottom=&#8221;#454545&#8243; global_colors_info=&#8221;{}&#8221; theme_builder_area=&#8221;post_content&#8221;][et_pb_column type=&#8221;1_2&#8243; _builder_version=&#8221;4.17.3&#8243; _module_preset=&#8221;default&#8221; global_colors_info=&#8221;{}&#8221; theme_builder_area=&#8221;post_content&#8221;][et_pb_text _builder_version=&#8221;4.27.4&#8243; _module_preset=&#8221;default&#8221; text_font=&#8221;Oswald|600|||||||&#8221; text_text_color=&#8221;#f9f9f9&#8243; text_font_size=&#8221;17px&#8221; text_letter_spacing=&#8221;1px&#8221; custom_margin=&#8221;0px||30px||false|false&#8221; custom_padding=&#8221;0px||0px||false|false&#8221; global_colors_info=&#8221;{}&#8221; theme_builder_area=&#8221;post_content&#8221;]<\/p>\n<p>SUCURSALES<\/p>\n<p>[\/et_pb_text][et_pb_text _builder_version=&#8221;4.27.4&#8243; _module_preset=&#8221;default&#8221; text_font=&#8221;Roboto Condensed||||||||&#8221; text_text_color=&#8221;#d2d3d5&#8243; text_font_size=&#8221;18px&#8221; text_line_height=&#8221;1.6em&#8221; custom_margin=&#8221;0px||0px||false|false&#8221; custom_margin_tablet=&#8221;0px||50px||false|false&#8221; custom_margin_phone=&#8221;||0px||false|false&#8221; custom_margin_last_edited=&#8221;on|tablet&#8221; custom_padding=&#8221;0px||0px||false|false&#8221; global_colors_info=&#8221;{}&#8221; theme_builder_area=&#8221;post_content&#8221;]<\/p>\n<p>2do anillo Esq. Grigot\u00e1 # 5 &#8211; Of. Central &#8211; Cel. 773 06576<\/p>\n<p>AV. Cristo Redentor # 2650 &#8211; Sucursal 1 &#8211; Cel. 750 08216<\/p>\n<p>Av. Virgen de Cotoca &#8211; Zona Pampa de la Isla &#8211; Cel. 741 62510<\/p>\n<p>Calle Independencia # 343 &#8211; Sucursal Montero &#8211; Cel. 750 08215<\/p>\n<p>[\/et_pb_text][\/et_pb_column][et_pb_column type=&#8221;1_4&#8243; _builder_version=&#8221;4.17.3&#8243; _module_preset=&#8221;default&#8221; custom_padding=&#8221;|||130px|false|false&#8221; custom_padding_tablet=&#8221;|||0px|false|false&#8221; custom_padding_phone=&#8221;&#8221; custom_padding_last_edited=&#8221;on|tablet&#8221; global_colors_info=&#8221;{}&#8221; theme_builder_area=&#8221;post_content&#8221;][et_pb_text _builder_version=&#8221;4.27.4&#8243; _module_preset=&#8221;default&#8221; text_font=&#8221;Oswald|600|||||||&#8221; text_text_color=&#8221;#f9f9f9&#8243; text_font_size=&#8221;17px&#8221; text_letter_spacing=&#8221;1px&#8221; custom_margin=&#8221;0px||30px||false|false&#8221; custom_margin_tablet=&#8221;0px||30px||false|false&#8221; custom_margin_phone=&#8221;60px||30px||false|false&#8221; custom_margin_last_edited=&#8221;on|phone&#8221; custom_padding=&#8221;0px||0px||false|false&#8221; global_colors_info=&#8221;{}&#8221; theme_builder_area=&#8221;post_content&#8221;]<\/p>\n<p>ESCRIBENOS<\/p>\n<p>[\/et_pb_text][et_pb_text _builder_version=&#8221;4.27.4&#8243; _module_preset=&#8221;default&#8221; text_font=&#8221;Roboto Condensed||||||||&#8221; text_text_color=&#8221;#d2d3d5&#8243; text_font_size=&#8221;17px&#8221; text_line_height=&#8221;1.6em&#8221; custom_margin=&#8221;0px||25px||false|false&#8221; custom_padding=&#8221;0px||1px||false|false&#8221; link_option_url=&#8221;#&#8221; custom_css_main_element=&#8221;display:inline-block;&#8221; border_color_all=&#8221;#c9caca&#8221; border_width_bottom=&#8221;1px&#8221; global_colors_info=&#8221;{}&#8221; text_text_color__hover_enabled=&#8221;on|desktop&#8221; text_text_color__hover=&#8221;#FFFFFF&#8221; theme_builder_area=&#8221;post_content&#8221;]<\/p>\n<p>ventas@correascenter.com<\/p>\n<p>[\/et_pb_text][et_pb_text _builder_version=&#8221;4.27.4&#8243; _module_preset=&#8221;default&#8221; text_font=&#8221;Roboto Condensed|600|||||||&#8221; text_text_color=&#8221;#fbf6f5&#8243; text_font_size=&#8221;18px&#8221; custom_margin=&#8221;0px||0px||false|false&#8221; custom_padding=&#8221;0px||0px||false|false&#8221; link_option_url=&#8221;#&#8221; global_colors_info=&#8221;{}&#8221; theme_builder_area=&#8221;post_content&#8221;]<\/p>\n<p>+591 773 06576<\/p>\n<p>[\/et_pb_text][\/et_pb_column][et_pb_column type=&#8221;1_4&#8243; _builder_version=&#8221;4.17.3&#8243; _module_preset=&#8221;default&#8221; custom_padding=&#8221;|||100px|false|false&#8221; custom_padding_tablet=&#8221;|||0px|false|false&#8221; custom_padding_phone=&#8221;&#8221; custom_padding_last_edited=&#8221;on|tablet&#8221; global_colors_info=&#8221;{}&#8221; theme_builder_area=&#8221;post_content&#8221;][et_pb_text _builder_version=&#8221;4.27.4&#8243; _module_preset=&#8221;default&#8221; text_font=&#8221;Oswald|600|||||||&#8221; text_text_color=&#8221;#f9f9f9&#8243; text_font_size=&#8221;17px&#8221; text_letter_spacing=&#8221;1px&#8221; custom_margin=&#8221;0px||30px||false|false&#8221; custom_margin_tablet=&#8221;&#8221; custom_margin_phone=&#8221;60px||30px||false|false&#8221; custom_margin_last_edited=&#8221;on|phone&#8221; custom_padding=&#8221;0px||0px||false|false&#8221; global_colors_info=&#8221;{}&#8221; theme_builder_area=&#8221;post_content&#8221;]<\/p>\n<p>REDES SOCIALES<\/p>\n<p>[\/et_pb_text][et_pb_text _builder_version=&#8221;4.17.6&#8243; _module_preset=&#8221;default&#8221; text_font=&#8221;Roboto Condensed|300|||||||&#8221; text_text_color=&#8221;#d2d3d5&#8243; text_font_size=&#8221;17px&#8221; text_letter_spacing=&#8221;-0.5px&#8221; text_line_height=&#8221;1.6em&#8221; custom_margin=&#8221;0px||10px||false|false&#8221; custom_padding=&#8221;0px||0px||false|false&#8221; link_option_url=&#8221;#&#8221; global_colors_info=&#8221;{}&#8221; text_text_color__hover_enabled=&#8221;on|hover&#8221; text_text_color__hover=&#8221;#FFFFFF&#8221; theme_builder_area=&#8221;post_content&#8221;]<\/p>\n<p>Facebook<\/p>\n<p>[\/et_pb_text][et_pb_text _builder_version=&#8221;4.27.4&#8243; _module_preset=&#8221;default&#8221; text_font=&#8221;Roboto Condensed|300|||||||&#8221; text_text_color=&#8221;#d2d3d5&#8243; text_font_size=&#8221;17px&#8221; text_letter_spacing=&#8221;-0.5px&#8221; text_line_height=&#8221;1.6em&#8221; custom_margin=&#8221;0px||10px||false|false&#8221; custom_padding=&#8221;0px||0px||false|false&#8221; link_option_url=&#8221;#&#8221; global_colors_info=&#8221;{}&#8221; text_text_color__hover_enabled=&#8221;on|hover&#8221; text_text_color__hover=&#8221;#FFFFFF&#8221; theme_builder_area=&#8221;post_content&#8221;]<\/p>\n<p>Instagram<\/p>\n<p>[\/et_pb_text][et_pb_text _builder_version=&#8221;4.27.4&#8243; _module_preset=&#8221;default&#8221; text_font=&#8221;Roboto Condensed|300|||||||&#8221; text_text_color=&#8221;#d2d3d5&#8243; text_font_size=&#8221;17px&#8221; text_letter_spacing=&#8221;-0.5px&#8221; text_line_height=&#8221;1.6em&#8221; custom_margin=&#8221;0px||0px||false|false&#8221; custom_padding=&#8221;0px||0px||false|false&#8221; link_option_url=&#8221;#&#8221; global_colors_info=&#8221;{}&#8221; text_text_color__hover_enabled=&#8221;on|hover&#8221; text_text_color__hover=&#8221;#FFFFFF&#8221; theme_builder_area=&#8221;post_content&#8221;]<\/p>\n<p>TikTok<\/p>\n<p>[\/et_pb_text][\/et_pb_column][\/et_pb_row][et_pb_row _builder_version=&#8221;4.17.6&#8243; _module_preset=&#8221;default&#8221; width=&#8221;90%&#8221; max_width=&#8221;1290px&#8221; custom_margin=&#8221;0px||0px||false|false&#8221; custom_padding=&#8221;36px||36px||true|false&#8221; global_colors_info=&#8221;{}&#8221; theme_builder_area=&#8221;post_content&#8221;][et_pb_column type=&#8221;4_4&#8243; _builder_version=&#8221;4.17.6&#8243; _module_preset=&#8221;default&#8221; global_colors_info=&#8221;{}&#8221; theme_builder_area=&#8221;post_content&#8221;][et_pb_text _builder_version=&#8221;4.27.4&#8243; _module_preset=&#8221;default&#8221; text_font=&#8221;Roboto Condensed||||||||&#8221; text_text_color=&#8221;#96999f&#8221; text_font_size=&#8221;17px&#8221; text_line_height=&#8221;1.2em&#8221; custom_margin=&#8221;0px||0px||false|false&#8221; custom_padding=&#8221;0px||0px||false|false&#8221; global_colors_info=&#8221;{}&#8221; theme_builder_area=&#8221;post_content&#8221;]<\/p>\n<p><span style=\"color: #d2d3d5;\">Dise\u00f1ado por Digiplus<\/span>\u00a0\u00a9 2025\u00a0 All Rights Reserved.<\/p>\n<p>[\/et_pb_text][\/et_pb_column][\/et_pb_row][\/et_pb_section]<\/p>\n","protected":false},"excerpt":{"rendered":"<p>.Cadenas\u00bfNecesitas una cadena de rodillos confiable para tu maquinaria? En Correas Center Ltda. encontrar\u00e1s la que necesitas. Las cadenas de rodillos son esenciales para transmitir fuerza y movimiento en sistemas industriales y agr\u00edcolas. Su dise\u00f1o garantiza una transmisi\u00f3n eficiente de potencia a distintas velocidades, sin p\u00e9rdidas por deslizamiento.contactosSUCURSALES2do anillo Esq. Grigot\u00e1 # 5 &#8211; Of. [&hellip;]<\/p>\n","protected":false},"author":2,"featured_media":0,"parent":0,"menu_order":0,"comment_status":"closed","ping_status":"closed","template":"","meta":{"_acf_changed":false,"_et_pb_use_builder":"on","_et_pb_old_content":"","_et_gb_content_width":"","footnotes":""},"class_list":["post-468","page","type-page","status-publish","hentry"],"acf":[],"_links":{"self":[{"href":"https:\/\/www.correascenter.com\/index.php\/wp-json\/wp\/v2\/pages\/468","targetHints":{"allow":["GET"]}}],"collection":[{"href":"https:\/\/www.correascenter.com\/index.php\/wp-json\/wp\/v2\/pages"}],"about":[{"href":"https:\/\/www.correascenter.com\/index.php\/wp-json\/wp\/v2\/types\/page"}],"author":[{"embeddable":true,"href":"https:\/\/www.correascenter.com\/index.php\/wp-json\/wp\/v2\/users\/2"}],"replies":[{"embeddable":true,"href":"https:\/\/www.correascenter.com\/index.php\/wp-json\/wp\/v2\/comments?post=468"}],"version-history":[{"count":2,"href":"https:\/\/www.correascenter.com\/index.php\/wp-json\/wp\/v2\/pages\/468\/revisions"}],"predecessor-version":[{"id":472,"href":"https:\/\/www.correascenter.com\/index.php\/wp-json\/wp\/v2\/pages\/468\/revisions\/472"}],"wp:attachment":[{"href":"https:\/\/www.correascenter.com\/index.php\/wp-json\/wp\/v2\/media?parent=468"}],"curies":[{"name":"wp","href":"https:\/\/api.w.org\/{rel}","templated":true}]}}